{"id":167,"date":"2016-12-16T16:18:04","date_gmt":"2016-12-16T15:18:04","guid":{"rendered":"http:\/\/www.aufkleber-druck-profi.de\/?page_id=167"},"modified":"2016-12-29T23:00:37","modified_gmt":"2016-12-29T22:00:37","slug":"ganz-oder-gar-nicht","status":"publish","type":"page","link":"http:\/\/dekoration-profi.de\/?page_id=167","title":{"rendered":"Ganz oder gar nicht"},"content":{"rendered":"<div class=\"page\" title=\"Page 3\">\n<div class=\"layoutArea\">\n<div class=\"column\">\n<p>Die Aussage \u201eganz oder gar nicht\u201c gilt beinahe f\u00fcr alles im Leben. Entweder setzen Sie Ihre gesamte Kraft und geballte Erfahrung in ein Projekt oder Sie lassen es gleich. Nur wenn Sie sich 100%ig mit dem Vorhaben identifizieren, kann es am Ende auch von erfolg gekr\u00f6nt sein. Machen Sie keine halben Sachen,<br \/>\nsparen Sie nicht am falschen Ende. F\u00fcr Dekorationen bedeutet das, dass Sie sich zum Beispiel mit Ihrer Marketingabteilung genaue Vorstellungen \u00fcber Ihr Vorhaben machen oder sich mit ausgew\u00e4hlten bzw. geeigneten Mitarbeitern die entsprechenden Gedanken zu Ihrem Vorhaben machen. Erstellen Sie eine Checkliste und notieren Sie alle Ideen, die es umzusetzen gilt. Verteilen Sie Aufgaben und Zust\u00e4ndigkeiten, erstellen Sie ebenfalls einen Zeitplan, an den sich alle beteiligten halten k\u00f6nnen. Wenn Sie diese Checkliste erstellt haben,<br \/>\nsprechen Sie Ihren Dekorateuer oder Ihr Deko-Team an und besprechen Sie die Umsetzung.<\/p>\n<p>Auch f\u00fcr das Gespr\u00e4ch mit dem Dekorateur ist es wichtig, keine Ideen zu streichen, nur weil sie Kosten verursachen k\u00f6nnten. Besprechen Sie mit dem Dekorateur Sinn und Nutzen des Vorhabens.<br \/>\nBehalten Sie immer das gesteckte Ziel vor Augen. Auch wenn die gesamte Dekoration mitsamt aller Bestandteile mehr Kosten als gedacht verursachen sollte, so kann sich die Aktion am Ende rechnen, weil der Gesamtumsatz gestiegen ist oder sie neue K\u00e4uferschichten erschlossen haben. Diese m\u00fcssen nicht zwingend bei der ersten Gelegenheit bei Ihnen einen Kauf generiert haben. Wenn Sie k\u00fcnftig diese neuen K\u00e4uferschichten zu Ihren Kunden z\u00e4hlen k\u00f6nnen, kann sich die Aktion schon mehr als gelohnt haben.<\/p>\n<p>Zusammenfassend l\u00e4sst sich sagen: nicht kleckern, sondern klotzen! Machen Sie keine halben Sachen.<br \/>\nFallen Sie auch dadurch auf, indem Sie Ihre Konkurrenz in den Schatten stellen und Ihre Kundschaft \u00fcberraschen und begeistern. Es zahlt sich aus!<\/p>\n<\/div>\n<\/div>\n<\/div>\n","protected":false},"excerpt":{"rendered":"<p>Die Aussage \u201eganz oder gar nicht\u201c gilt beinahe f\u00fcr alles im Leben. Entweder setzen Sie Ihre gesamte Kraft und geballte<\/p>\n","protected":false},"author":1,"featured_media":0,"parent":0,"menu_order":0,"comment_status":"closed","ping_status":"closed","template":"","meta":{"footnotes":""},"_links":{"self":[{"href":"http:\/\/dekoration-profi.de\/index.php?rest_route=\/wp\/v2\/pages\/167"}],"collection":[{"href":"http:\/\/dekoration-profi.de\/index.php?rest_route=\/wp\/v2\/pages"}],"about":[{"href":"http:\/\/dekoration-profi.de\/index.php?rest_route=\/wp\/v2\/types\/page"}],"author":[{"embeddable":true,"href":"http:\/\/dekoration-profi.de\/index.php?rest_route=\/wp\/v2\/users\/1"}],"replies":[{"embeddable":true,"href":"http:\/\/dekoration-profi.de\/index.php?rest_route=%2Fwp%2Fv2%2Fcomments&post=167"}],"version-history":[{"count":11,"href":"http:\/\/dekoration-profi.de\/index.php?rest_route=\/wp\/v2\/pages\/167\/revisions"}],"predecessor-version":[{"id":382,"href":"http:\/\/dekoration-profi.de\/index.php?rest_route=\/wp\/v2\/pages\/167\/revisions\/382"}],"wp:attachment":[{"href":"http:\/\/dekoration-profi.de\/index.php?rest_route=%2Fwp%2Fv2%2Fmedia&parent=167"}],"curies":[{"name":"wp","href":"https:\/\/api.w.org\/{rel}","templated":true}]}}