{"id":169,"date":"2016-12-16T16:18:11","date_gmt":"2016-12-16T15:18:11","guid":{"rendered":"http:\/\/www.aufkleber-druck-profi.de\/?page_id=169"},"modified":"2016-12-29T23:00:49","modified_gmt":"2016-12-29T22:00:49","slug":"sonderbauten","status":"publish","type":"page","link":"http:\/\/dekoration-profi.de\/?page_id=169","title":{"rendered":"Sonderbauten"},"content":{"rendered":"<div class=\"page\" title=\"Page 2\">\n<div class=\"layoutArea\">\n<div class=\"column\">\n<p>Sonderbauten kommen h\u00e4ufig in Shop-in-Shop Stores zum Einsatz, wenn gro\u00dfe Verkaufsfl\u00e4chen vorhanden sind. In Warenh\u00e4usern kommen diese Dekorations-Sonderbauten insbesondere bei Modelabels oder in der Elektronikbranche (Computer, Smartphones, HiFi-Anlagen, TV-Ge- r\u00e4te) zum Einsatz. Die Auftraggeber lassen zum Teil gro\u00dfe, und dementsprechend auff\u00e4llige, Dekorationen anfertigen. Das kann mit einem Eingangsportal zu dem Shop sein, in dem die Verkaufsartikel pr\u00e4sentiert werden. Spezielle Pr\u00e4sentationstische, Verkaufstheken, Deckenh\u00e4n- ger, Maskottchen oder Menschen in Lebensgr\u00f6\u00dfe aus Kunststoff gefertigt, Nachbauten von antiken S\u00e4ulen oder Kreuzfahrtschiffen (um das Beispiel aus dem Reiseb\u00fcro heranzuziehen) lassen sich herstellen.<\/p>\n<p>Die richtigen Ansprechpartner f\u00fcr die Herstellung von Dekorations-Sonderbauten sind Dekorateure, Deko-Teams, Tischler und Innenausbau- betriebe. Wenn diese Dekorations-Sonderbauten nun nach der Herstellung von einem Ladengesch\u00e4ft zum n\u00e4chsten weitergereicht werden, amortisieren sich sogar gro\u00dfe Investitionen schnell.<\/p>\n<\/div>\n<\/div>\n<\/div>\n","protected":false},"excerpt":{"rendered":"<p>Sonderbauten kommen h\u00e4ufig in Shop-in-Shop Stores zum Einsatz, wenn gro\u00dfe Verkaufsfl\u00e4chen vorhanden sind. In Warenh\u00e4usern kommen diese Dekorations-Sonderbauten insbesondere bei<\/p>\n","protected":false},"author":1,"featured_media":0,"parent":0,"menu_order":0,"comment_status":"closed","ping_status":"closed","template":"","meta":{"footnotes":""},"_links":{"self":[{"href":"http:\/\/dekoration-profi.de\/index.php?rest_route=\/wp\/v2\/pages\/169"}],"collection":[{"href":"http:\/\/dekoration-profi.de\/index.php?rest_route=\/wp\/v2\/pages"}],"about":[{"href":"http:\/\/dekoration-profi.de\/index.php?rest_route=\/wp\/v2\/types\/page"}],"author":[{"embeddable":true,"href":"http:\/\/dekoration-profi.de\/index.php?rest_route=\/wp\/v2\/users\/1"}],"replies":[{"embeddable":true,"href":"http:\/\/dekoration-profi.de\/index.php?rest_route=%2Fwp%2Fv2%2Fcomments&post=169"}],"version-history":[{"count":6,"href":"http:\/\/dekoration-profi.de\/index.php?rest_route=\/wp\/v2\/pages\/169\/revisions"}],"predecessor-version":[{"id":384,"href":"http:\/\/dekoration-profi.de\/index.php?rest_route=\/wp\/v2\/pages\/169\/revisions\/384"}],"wp:attachment":[{"href":"http:\/\/dekoration-profi.de\/index.php?rest_route=%2Fwp%2Fv2%2Fmedia&parent=169"}],"curies":[{"name":"wp","href":"https:\/\/api.w.org\/{rel}","templated":true}]}}