{"id":171,"date":"2016-12-16T16:18:22","date_gmt":"2016-12-16T15:18:22","guid":{"rendered":"http:\/\/www.aufkleber-druck-profi.de\/?page_id=171"},"modified":"2016-12-29T23:01:03","modified_gmt":"2016-12-29T22:01:03","slug":"mit-farbe-und-material","status":"publish","type":"page","link":"http:\/\/dekoration-profi.de\/?page_id=171","title":{"rendered":"Mit Farbe und Material"},"content":{"rendered":"<div class=\"page\" title=\"Page 2\">\n<div class=\"layoutArea\">\n<div class=\"column\">\n<p>Wie in vielen Bereichen gilt auch bei einer Dekoration: Um aufzufallen, bedarf es Farbe und Material.<br \/>\nGanz klar: Um das Interesse des K\u00e4u- fers zu erhalten, m\u00fcssen Produkte oder Leistungen aufmerksamkeitsstark beworben. Wenn nichts weiter unternommen wird, geht der K\u00e4ufer am Point of Sale vorbei und letztendlich wird er nicht zum gew\u00fcnschten K\u00e4ufer werden. Wenn um seine Gunst geworben wird, indem eine ansprechende und zugleich auff\u00e4llige Dekoration, zum Beispiel im Schaufenster platziert ist, wird er zumindest stehenbleiben und die Ware oder Dienstleistung n\u00e4her betrachten.<\/p>\n<p>Je auff\u00e4lliger die Farben bzw. das gesamte Material im Schaufenster sind, desto eher wird der Kunden sich mit dem Angebot auseinandersetzen. Um nochmals auf das Beispiel eines Reiseb\u00fcros zur\u00fcckzukommen, k\u00f6nnen das gro\u00dfe Aufsteller im Fenster sein, auf denen blauer Himmel, wei\u00dfer Strand und gl\u00fcckliche Urlauber zu sehen sind. Die bestenfalls mit einem bunten Waffeleis in der Hand den Betrachter anl\u00e4cheln und ihm suggerieren, dass er das auch alles erleben kann. Wenn nun noch Deckenh\u00e4nger mit attraktiven Reiseangeboten zum Einsatz kommen, besteht eine hohe Wahrscheinlichkeit, dass der Interessent in die Verkaufsr\u00e4ume eintritt.<\/p>\n<p>Um professionelle Dekorationen zu gestalten und aufzustellen, ist ein ebenso professioneller Dekorateur gefragt. Dieser hat umfangreiche Dekorationselemente auf Lager, was nat\u00fcrlich auch f\u00fcr andere Branchen<br \/>\n(z. B. Automobilhandel, Apotheken, Bekleidung, H\u00f6rger\u00e4teakustiker, Mobilfunkvertieb, Optiker &#8230;)<br \/>\nzutrifft, und wei\u00df, wie diese aufmerksamkeitsstark einzusetzen sind.<\/p>\n<\/div>\n<\/div>\n<\/div>\n","protected":false},"excerpt":{"rendered":"<p>Wie in vielen Bereichen gilt auch bei einer Dekoration: Um aufzufallen, bedarf es Farbe und Material. Ganz klar: Um das<\/p>\n","protected":false},"author":1,"featured_media":0,"parent":0,"menu_order":0,"comment_status":"closed","ping_status":"closed","template":"","meta":{"footnotes":""},"_links":{"self":[{"href":"http:\/\/dekoration-profi.de\/index.php?rest_route=\/wp\/v2\/pages\/171"}],"collection":[{"href":"http:\/\/dekoration-profi.de\/index.php?rest_route=\/wp\/v2\/pages"}],"about":[{"href":"http:\/\/dekoration-profi.de\/index.php?rest_route=\/wp\/v2\/types\/page"}],"author":[{"embeddable":true,"href":"http:\/\/dekoration-profi.de\/index.php?rest_route=\/wp\/v2\/users\/1"}],"replies":[{"embeddable":true,"href":"http:\/\/dekoration-profi.de\/index.php?rest_route=%2Fwp%2Fv2%2Fcomments&post=171"}],"version-history":[{"count":10,"href":"http:\/\/dekoration-profi.de\/index.php?rest_route=\/wp\/v2\/pages\/171\/revisions"}],"predecessor-version":[{"id":386,"href":"http:\/\/dekoration-profi.de\/index.php?rest_route=\/wp\/v2\/pages\/171\/revisions\/386"}],"wp:attachment":[{"href":"http:\/\/dekoration-profi.de\/index.php?rest_route=%2Fwp%2Fv2%2Fmedia&parent=171"}],"curies":[{"name":"wp","href":"https:\/\/api.w.org\/{rel}","templated":true}]}}