{"id":173,"date":"2016-12-16T16:18:31","date_gmt":"2016-12-16T15:18:31","guid":{"rendered":"http:\/\/www.aufkleber-druck-profi.de\/?page_id=173"},"modified":"2016-12-29T23:01:18","modified_gmt":"2016-12-29T22:01:18","slug":"es-muss-auffallen","status":"publish","type":"page","link":"http:\/\/dekoration-profi.de\/?page_id=173","title":{"rendered":"Es muss auffallen"},"content":{"rendered":"<div class=\"page\" title=\"Page 4\">\n<div class=\"layoutArea\">\n<div class=\"column\">\n<p>Wie bereits zuvor beschrieben: Haben Sie Mut zum Au\u00dfergew\u00f6hnlichen. Lassen Sie sich etwas einfallen und fallen Sie auf! Auf die heutige Kundschaft wirken tagt\u00e4glich unz\u00e4hlige Impulse ein. Allein ca. 1400 kommunikative Impulse sind es pro Tag. Dazu z\u00e4hlen Werbung im TV, Radio, auf Bahnen und Bussen, Fahrzeugen, Planen, Baustellen, Bahn- und Bushaltestellen, Plakatw\u00e4nden, Schaufensterdekorationen usw.<br \/>\nWer hier auffallen will, muss sich schon etwas einfallen lassen.<\/p>\n<p>Darum ist es wichtig, sein eigenes Produkt, die eigenen Leistungen auff\u00e4llig und sympathisch darzustellen und mit den V\u00f6rz\u00fcgen zu \u00fcberzeugen. \u00dcberlassen Sie das Feld nicht der Konkurrenz, sondern gehen Sie aktiv auf die eigene K\u00e4uferschaft und auch auf neue K\u00e4uferschichten zu. Denken und handeln Sie nicht zu kleinteilig.<br \/>\nWenn Sie eine gute Idee haben, setzen Sie diese gro\u00df in Szene. Kehren Sie die Vorteile heraus und sparen Sie nicht am falschen Ende. Machen Sie keine halben Sachen. Setzen Sie Ihre Ideen ganz oder gar nicht in die Tat um. Letztlich ist es wie bei einem Marathonlauf: Es kann nur derjenige gewinnen, der die gesamte Strecke durchh\u00e4lt und als erster \u00fcber die Ziellinie geht. Finden Sie Ihren eigenen Weg, Ihre eigenen Ideen.<br \/>\nMachen Sie nicht unbedingt nach, was die Konkurrenz schon vorgemacht hat.<br \/>\nMan wird im schlimmsten Fall Ihre Aktivit\u00e4ten der Konkurrenz zuschreiben, nicht Ihnen.<br \/>\nDas w\u00e4re schade um das investierte Geld.\u00a0Fallen Sie lieber mit eigenen Ideen auf.<\/p>\n<\/div>\n<\/div>\n<\/div>\n","protected":false},"excerpt":{"rendered":"<p>Wie bereits zuvor beschrieben: Haben Sie Mut zum Au\u00dfergew\u00f6hnlichen. Lassen Sie sich etwas einfallen und fallen Sie auf! Auf die<\/p>\n","protected":false},"author":1,"featured_media":0,"parent":0,"menu_order":0,"comment_status":"closed","ping_status":"closed","template":"","meta":{"footnotes":""},"_links":{"self":[{"href":"http:\/\/dekoration-profi.de\/index.php?rest_route=\/wp\/v2\/pages\/173"}],"collection":[{"href":"http:\/\/dekoration-profi.de\/index.php?rest_route=\/wp\/v2\/pages"}],"about":[{"href":"http:\/\/dekoration-profi.de\/index.php?rest_route=\/wp\/v2\/types\/page"}],"author":[{"embeddable":true,"href":"http:\/\/dekoration-profi.de\/index.php?rest_route=\/wp\/v2\/users\/1"}],"replies":[{"embeddable":true,"href":"http:\/\/dekoration-profi.de\/index.php?rest_route=%2Fwp%2Fv2%2Fcomments&post=173"}],"version-history":[{"count":14,"href":"http:\/\/dekoration-profi.de\/index.php?rest_route=\/wp\/v2\/pages\/173\/revisions"}],"predecessor-version":[{"id":388,"href":"http:\/\/dekoration-profi.de\/index.php?rest_route=\/wp\/v2\/pages\/173\/revisions\/388"}],"wp:attachment":[{"href":"http:\/\/dekoration-profi.de\/index.php?rest_route=%2Fwp%2Fv2%2Fmedia&parent=173"}],"curies":[{"name":"wp","href":"https:\/\/api.w.org\/{rel}","templated":true}]}}