{"id":181,"date":"2016-12-16T16:19:37","date_gmt":"2016-12-16T15:19:37","guid":{"rendered":"http:\/\/www.aufkleber-druck-profi.de\/?page_id=181"},"modified":"2016-12-29T23:01:47","modified_gmt":"2016-12-29T22:01:47","slug":"materialien","status":"publish","type":"page","link":"http:\/\/dekoration-profi.de\/?page_id=181","title":{"rendered":"Materialien"},"content":{"rendered":"<div class=\"page\" title=\"Page 3\">\n<div class=\"layoutArea\">\n<div class=\"column\">\n<p>Setzen Sie auch einmal andere Materialien ein. Zum Beispiel Dekorationen oder Teile einer Dekoration aus Kunststoff, das zuvor \u201etiefgezo- gen\u201c wurde. Durch Erw\u00e4rmung wird Kunststoff in Form gebracht und erh\u00e4lt plastische Tiefe. Plastische Elemente k\u00f6nnen auf diese Art und Weise entstehen. Bei einem Optiker kann so eine \u00fcbergro\u00dfe dreidimensionale Brille entstehen. Oder Sie lassen verschiedene Brillenmodelle auf einem Bigprint (Gro\u00dfformatdruck) herstellen (vgl. auch www.bigprint-profi.de). Plakate lassen sich mit den unterschiedlichsten Motiven auf gro\u00dfen Aufstellern platzieren. Denkbar sind unterschiedliche Brillenmodelle auf Mesh-Planen gedruckt, die an der Decke befestigt sind und Aufmerksamkeit erzeugen. Wenn nun noch vertikale Schlitze in das Material geschnitten werden, wirkt diese \u00fcberdimensionale Plane wie ein Vorhang, durch den die Kundschaft hindurchgehen kann.<\/p>\n<p>Aus Kunststoff lassen sich auch andere Gegenst\u00e4nde tiefziehen. Ob ein Automobil, Riesen-Smartphone, S\u00fcdsee-Palme, Kreuzfahrtschiff, L\u00f6we, Elefant oder Menschen \u2013 alles ist m\u00f6glich. Fragen Sie Ihren Dekoratuer nach den M\u00f6glichkeiten und ob er vielleicht sogar das eine oder andere Element bereits in seinem Fundus hat.<\/p>\n<p>Ansonsten k\u00f6nnen Sie durch einen Tischler oder Innenausbaubetrieb die gew\u00fcnschten Elemente<br \/>\n(Verkaufstheken, Pr\u00e4sentationsst\u00e4nde, Warenpr\u00e4senter etc.) aus Holz herstellen lassen. Gleiches gilt nat\u00fcrlich, wenn Metall zum Einsatz kommt und ggf. mit Holz kombiniert wird. Damit Sie nicht mit einem Tischler und einem Schlosser die verschiedenen Gespr\u00e4che f\u00fchren und koordinieren m\u00fcssen, empfiehlt sich die Auswahl eines geeigeneten Innenausbaubetriebes. Dort werden alle Dekorationselemente hergestellt, ganz gleich um welche Materialien es sich handelt.<\/p>\n<\/div>\n<\/div>\n<\/div>\n","protected":false},"excerpt":{"rendered":"<p>Setzen Sie auch einmal andere Materialien ein. Zum Beispiel Dekorationen oder Teile einer Dekoration aus Kunststoff, das zuvor \u201etiefgezo- gen\u201c<\/p>\n","protected":false},"author":1,"featured_media":0,"parent":0,"menu_order":0,"comment_status":"closed","ping_status":"closed","template":"","meta":{"footnotes":""},"_links":{"self":[{"href":"http:\/\/dekoration-profi.de\/index.php?rest_route=\/wp\/v2\/pages\/181"}],"collection":[{"href":"http:\/\/dekoration-profi.de\/index.php?rest_route=\/wp\/v2\/pages"}],"about":[{"href":"http:\/\/dekoration-profi.de\/index.php?rest_route=\/wp\/v2\/types\/page"}],"author":[{"embeddable":true,"href":"http:\/\/dekoration-profi.de\/index.php?rest_route=\/wp\/v2\/users\/1"}],"replies":[{"embeddable":true,"href":"http:\/\/dekoration-profi.de\/index.php?rest_route=%2Fwp%2Fv2%2Fcomments&post=181"}],"version-history":[{"count":8,"href":"http:\/\/dekoration-profi.de\/index.php?rest_route=\/wp\/v2\/pages\/181\/revisions"}],"predecessor-version":[{"id":392,"href":"http:\/\/dekoration-profi.de\/index.php?rest_route=\/wp\/v2\/pages\/181\/revisions\/392"}],"wp:attachment":[{"href":"http:\/\/dekoration-profi.de\/index.php?rest_route=%2Fwp%2Fv2%2Fmedia&parent=181"}],"curies":[{"name":"wp","href":"https:\/\/api.w.org\/{rel}","templated":true}]}}