{"id":33,"date":"2016-12-11T09:55:42","date_gmt":"2016-12-11T08:55:42","guid":{"rendered":"http:\/\/www.aufkleber-druck-profi.de\/?page_id=33"},"modified":"2016-12-29T22:59:11","modified_gmt":"2016-12-29T21:59:11","slug":"schaufenster-co","status":"publish","type":"page","link":"http:\/\/dekoration-profi.de\/?page_id=33","title":{"rendered":"Schaufenster &#038; Co."},"content":{"rendered":"<div class=\"page\" title=\"Page 1\">\n<div class=\"layoutArea\">\n<div class=\"column\">\n<p>Die klassische Dekoration findet im Schaufenster statt. Erfahrungsgem\u00e4\u00df stehen bei der Mehrzahl von Gesch\u00e4ftsr\u00e4umen gro\u00dfe Fensterfl\u00e4chen zur Verf\u00fcgung, die sich f\u00fcr eine Dekoration anbieten.<br \/>\nOftmals sind Fenstergr\u00f6\u00dfen von 4 bis 2 m vorhanden, die zudem eine Tiefe in das Gesch\u00e4ft<br \/>\nvon bis zu 1 m aufweisen.<\/p>\n<p>Dadurch bietet sich das Aufstellen von dreidimensionalen Dekorationsartikeln an. Das k\u00f6nnen, um bei dem Beispiel eines Reiseb\u00fcros zu bleiben, Palme, Liegestuhl, Deckenh\u00e4nger, Strandtasche und ein Strandball sein. Hinzu kommen h\u00e4ufig dreidimensionale Fotoelemente aus starker Pappe, die Wahrzeichen, Str\u00e4nde, Hotelanlagen und Personen darstellen. Nicht zu vergessen sind auch gro\u00dfe, auff\u00e4llige Fensterkleber f\u00fcr das Schaufenster,<br \/>\ndie auf besondere Angebote hinweisen.<\/p>\n<p>Eine weitere M\u00f6glichkeit bietet sich f\u00fcr Schaufenster an: Das Anbringen von kleinen Bannern,<br \/>\nFahnen oder Ausstecknasen, die im Winkel von 900 an der Fensterscheibe angebracht werden und auf dem Gehweg hinausragen.<\/p>\n<\/div>\n<\/div>\n<\/div>\n","protected":false},"excerpt":{"rendered":"<p>Die klassische Dekoration findet im Schaufenster statt. Erfahrungsgem\u00e4\u00df stehen bei der Mehrzahl von Gesch\u00e4ftsr\u00e4umen gro\u00dfe Fensterfl\u00e4chen zur Verf\u00fcgung, die sich<\/p>\n","protected":false},"author":1,"featured_media":0,"parent":0,"menu_order":0,"comment_status":"closed","ping_status":"closed","template":"","meta":{"footnotes":""},"_links":{"self":[{"href":"http:\/\/dekoration-profi.de\/index.php?rest_route=\/wp\/v2\/pages\/33"}],"collection":[{"href":"http:\/\/dekoration-profi.de\/index.php?rest_route=\/wp\/v2\/pages"}],"about":[{"href":"http:\/\/dekoration-profi.de\/index.php?rest_route=\/wp\/v2\/types\/page"}],"author":[{"embeddable":true,"href":"http:\/\/dekoration-profi.de\/index.php?rest_route=\/wp\/v2\/users\/1"}],"replies":[{"embeddable":true,"href":"http:\/\/dekoration-profi.de\/index.php?rest_route=%2Fwp%2Fv2%2Fcomments&post=33"}],"version-history":[{"count":17,"href":"http:\/\/dekoration-profi.de\/index.php?rest_route=\/wp\/v2\/pages\/33\/revisions"}],"predecessor-version":[{"id":415,"href":"http:\/\/dekoration-profi.de\/index.php?rest_route=\/wp\/v2\/pages\/33\/revisions\/415"}],"wp:attachment":[{"href":"http:\/\/dekoration-profi.de\/index.php?rest_route=%2Fwp%2Fv2%2Fmedia&parent=33"}],"curies":[{"name":"wp","href":"https:\/\/api.w.org\/{rel}","templated":true}]}}