{"id":68,"date":"2016-12-11T12:32:27","date_gmt":"2016-12-11T11:32:27","guid":{"rendered":"http:\/\/www.aufkleber-druck-profi.de\/?page_id=68"},"modified":"2016-12-29T22:59:40","modified_gmt":"2016-12-29T21:59:40","slug":"sich-vom-umfeld-abheben","status":"publish","type":"page","link":"http:\/\/dekoration-profi.de\/?page_id=68","title":{"rendered":"Sich vom Umfeld abheben"},"content":{"rendered":"<div class=\"page\" title=\"Page 3\">\n<div class=\"layoutArea\">\n<div class=\"column\">\n<p>Nutzen Sie bei einer Dekoration die Chance, Mut zum Au\u00dfergew\u00f6hnlichen zu haben und in die Tat umzusetzen. \u00dcberraschen Sie den Kunden mit dem, was er bei Ihnen nicht vermutet. Das kann im tiefen Winter eine Dekoration sein, die den Sommer von seiner sch\u00f6nsten Seite zeigt. Oder stellen Sie im Hochsommer einen Promotionstand vor oder in Ihrem Ladengesch\u00e4ft auf und \u00fcberraschen Sie mit eiskalten Angeboten vor einer arktischen Nordpolmotiv. Die Promoter k\u00f6nnen in Eisb\u00e4ren-Kost\u00fcmen die Kundschaft in Ihr Ladengesch\u00e4ft hineinziehen und auf sympathische Art und Weise bei k\u00fchlen, erfrischenden Getr\u00e4nken an Ihre Verk\u00e4ufer \u00fcbergeben.<\/p>\n<p>Angenommen, Sie betreiben ein Bekleidungsgesch\u00e4ft und befinden sich mit weiteren Wettbewerbern in einem Einkaufszentrum. Wenn nun die konkurrierenden Bekleidungsgesch\u00e4fte \u00e4hnlich dekoriert sind, dann \u00fcberlegen Sie sich, wie Sie auffallen k\u00f6nnen und womit Sie sich vom Umfeld abheben. \u00dcberraschen Sie Ihre Kunden beispielsweise mit einer von Dekorateuren errichteten Fantasielandschaft im Ladengesch\u00e4ft und mit entsprechend gekleidetem Personal. Wenn Ihr Personal nun bereits vor dem Eingangsbereich die Kundschaft abf\u00e4ngt und mit einer Gewinnspielkarte (und mit Aussicht auf Sofortgewinne) in das Gesch\u00e4ft hineinzieht, erh\u00f6hen sich die Chancen auf erh\u00f6hte Ums\u00e4tze f\u00fcr Sie.<\/p>\n<p>Egal, zu welcher Branche Ihr Unternehmen geh\u00f6rt \u2013 zeigen Sie Mut zum Au\u00dfergew\u00f6hnlichen und heben Sie sich vom Umfeld ab. Auch wenn Ihnen spontan keine passende Idee einf\u00e4llt: Setzen Sie sich mit Ihren Mitarbeitern zusammen und machen Sie ein Brain-Storming. Notieren Sie alle Ideen und bauen Sie daraus eine gute, auff\u00e4llige \u201eGeschichte\u201c, die Sie schlussendlich mit Ihrem Dekorateur besprechen und in die Tat umsetzen.<\/p>\n<\/div>\n<\/div>\n<\/div>\n","protected":false},"excerpt":{"rendered":"<p>Nutzen Sie bei einer Dekoration die Chance, Mut zum Au\u00dfergew\u00f6hnlichen zu haben und in die Tat umzusetzen. \u00dcberraschen Sie den<\/p>\n","protected":false},"author":1,"featured_media":0,"parent":0,"menu_order":0,"comment_status":"closed","ping_status":"closed","template":"","meta":{"footnotes":""},"_links":{"self":[{"href":"http:\/\/dekoration-profi.de\/index.php?rest_route=\/wp\/v2\/pages\/68"}],"collection":[{"href":"http:\/\/dekoration-profi.de\/index.php?rest_route=\/wp\/v2\/pages"}],"about":[{"href":"http:\/\/dekoration-profi.de\/index.php?rest_route=\/wp\/v2\/types\/page"}],"author":[{"embeddable":true,"href":"http:\/\/dekoration-profi.de\/index.php?rest_route=\/wp\/v2\/users\/1"}],"replies":[{"embeddable":true,"href":"http:\/\/dekoration-profi.de\/index.php?rest_route=%2Fwp%2Fv2%2Fcomments&post=68"}],"version-history":[{"count":5,"href":"http:\/\/dekoration-profi.de\/index.php?rest_route=\/wp\/v2\/pages\/68\/revisions"}],"predecessor-version":[{"id":374,"href":"http:\/\/dekoration-profi.de\/index.php?rest_route=\/wp\/v2\/pages\/68\/revisions\/374"}],"wp:attachment":[{"href":"http:\/\/dekoration-profi.de\/index.php?rest_route=%2Fwp%2Fv2%2Fmedia&parent=68"}],"curies":[{"name":"wp","href":"https:\/\/api.w.org\/{rel}","templated":true}]}}