{"id":70,"date":"2016-12-11T12:32:44","date_gmt":"2016-12-11T11:32:44","guid":{"rendered":"http:\/\/www.aufkleber-druck-profi.de\/?page_id=70"},"modified":"2017-09-14T10:32:11","modified_gmt":"2017-09-14T08:32:11","slug":"am-point-of-sale","status":"publish","type":"page","link":"http:\/\/dekoration-profi.de\/?page_id=70","title":{"rendered":"Am Point-of-Sale"},"content":{"rendered":"<div class=\"page\" title=\"Page 1\">\n<div class=\"layoutArea\">\n<div class=\"column\">\n<p>PoS steht f\u00fcr \u201ePoint of Sale\u201c und meint schlichtweg den Ort des Verkaufs. Um Verk\u00e4ufe zu generieren und Kunden zu gewinnen ist es wich- tig, am PoS ein deutlich sichtbares Signal zu setzen.<br \/>\nDas k\u00f6nnen auff\u00e4llige \u201eKundenstopper\u201c in jedweder Form sein. Vor dem Verkaufsgesch\u00e4ft kann das ein Stra\u00dfenstopper sein, der sich auf dem Gehweg befindet und mit Plakaten best\u00fcckt ist.<br \/>\nNicht zu vergessen ist die Fl\u00e4che an der Hauswand \u00fcber dem Ladengesch\u00e4ft, an der eine ausreichend dimensinierte Werbefl\u00e4che angebracht sein sollte<br \/>\n(vgl. <a href=\"http:\/\/www.aussenwerbung-profi.de\">www.aussenwerbung-profi.de<\/a> und <a href=\"http:\/\/www.beschriftung-profi.de\">www.beschriftung-profi.de<\/a>).<\/p>\n<p>Der gr\u00f6\u00dfte Blickfang l\u00e4sst sich zweifelsfrei durch die Dekoration des Schaufensters herstellen.<br \/>\nSchaufenster sollten \u00fcbersichtlich und anspre- chend gestaltet sein und den Kunden durch die Pr\u00e4sentation der Waren in das Gesch\u00e4ft hineinziehen. Bei der entsprechenden Gestaltung der Schaufenster sind Dekorateure behilflich. Diese gestalten nicht nur das Schaufenster, sondern auch den Verkaufsraum.<br \/>\nIm Verkaufsraum selber sollten neben einer verkaufsf\u00f6rdernden Pr\u00e4sentation des Warenangebotes zus\u00e4tzliche Blickf\u00e4nge gesetzt werden. Deckenh\u00e4nger, Aufsteller, Displays und Plakate sorgen f\u00fcr Kauf-Anreize,<br \/>\ndie an die Kunden gesendet werden. Schlussendlich muss auch unbedingt die Kasse deutlich gekennzeichnet werden, zum Beispiel durch Deckenh\u00e4nger, damit der Kunde den Kauf problemslos abschlie\u00dfen kann.<\/p>\n<\/div>\n<\/div>\n<\/div>\n","protected":false},"excerpt":{"rendered":"<p>PoS steht f\u00fcr \u201ePoint of Sale\u201c und meint schlichtweg den Ort des Verkaufs. Um Verk\u00e4ufe zu generieren und Kunden zu<\/p>\n","protected":false},"author":1,"featured_media":0,"parent":0,"menu_order":0,"comment_status":"closed","ping_status":"closed","template":"","meta":{"footnotes":""},"_links":{"self":[{"href":"http:\/\/dekoration-profi.de\/index.php?rest_route=\/wp\/v2\/pages\/70"}],"collection":[{"href":"http:\/\/dekoration-profi.de\/index.php?rest_route=\/wp\/v2\/pages"}],"about":[{"href":"http:\/\/dekoration-profi.de\/index.php?rest_route=\/wp\/v2\/types\/page"}],"author":[{"embeddable":true,"href":"http:\/\/dekoration-profi.de\/index.php?rest_route=\/wp\/v2\/users\/1"}],"replies":[{"embeddable":true,"href":"http:\/\/dekoration-profi.de\/index.php?rest_route=%2Fwp%2Fv2%2Fcomments&post=70"}],"version-history":[{"count":15,"href":"http:\/\/dekoration-profi.de\/index.php?rest_route=\/wp\/v2\/pages\/70\/revisions"}],"predecessor-version":[{"id":403,"href":"http:\/\/dekoration-profi.de\/index.php?rest_route=\/wp\/v2\/pages\/70\/revisions\/403"}],"wp:attachment":[{"href":"http:\/\/dekoration-profi.de\/index.php?rest_route=%2Fwp%2Fv2%2Fmedia&parent=70"}],"curies":[{"name":"wp","href":"https:\/\/api.w.org\/{rel}","templated":true}]}}