{"id":74,"date":"2016-12-11T12:33:36","date_gmt":"2016-12-11T11:33:36","guid":{"rendered":"http:\/\/www.aufkleber-druck-profi.de\/?page_id=74"},"modified":"2016-12-29T23:00:07","modified_gmt":"2016-12-29T22:00:07","slug":"auffaellig-muss-es-sein","status":"publish","type":"page","link":"http:\/\/dekoration-profi.de\/?page_id=74","title":{"rendered":"Auff\u00e4llig muss es sein"},"content":{"rendered":"<div class=\"page\" title=\"Page 2\">\n<div class=\"layoutArea\">\n<div class=\"column\">\n<p>Um mit der Dekoration aufzufallen, sind, wie bereits oben beschrieben, Form, Farbe, Material, Gr\u00f6\u00dfe und eine gute Idee notwendig. Ein Nachbau eines \u00fcberdimensional gro\u00dfen Fahrzeugs aus stabiler Kartonage im Verkaufsraum, das entsprechend auff\u00e4llig produziert wurde, ist ein wahrer Hingucker, wenn beispielsweise ein Scheibenreiniger verkauft werden soll. Bei entsprechenden Kontakten zu einem Oldtimer- Club, kann auch ein echtes Fahrzeug ausgeliehen und im Verkaufsraum pr\u00e4sentiert werden. Dadurch ist ein maximales Auffallen garantiert. Wenn jetzt noch ein versierter Verk\u00e4ufer die Ware in den Verkaufsr\u00e4umen bewirbt, sind zudem hohe Abverk\u00e4ufe garantiert.<\/p>\n<p>Eine weitere M\u00f6glichkeit sind mobile Messest\u00e4nde\/Verkaufsst\u00e4nde mit Theke und Schirm, wie sie h\u00e4ufig in Shops oder Einkaufszentren ein- gesetzt werden. Sie sind leicht, in jedem PKW-Kofferraum zu verstauen und im Nu aufgebaut. Im Hintergrund der mobilen Verkaufsst\u00e4nde k\u00f6nnen Roll-up Displays (siehe Displays) aufgestellt werden, um der Pr\u00e4sentatiuon einen passenden Rahmen zu verleihen. Flankiert werden k\u00f6nnen die Verkaufsst\u00e4nde mit Beachflags (vgl. auch <a href=\"http:\/\/www.aussenwerbung-profi.de\">www.aussenwerbung-profi.de<\/a>).<\/p>\n<p>Denkbar ist auch ein zus\u00e4tzliches Promotion-Team, das innerhalb des Einkaufszentrums oder einer Fu\u00dfg\u00e4ngerzone auf die Passanten zugeht und beispielsweise Gutscheine (f\u00fcr kleine Give-aways) verteilt, die am Verkaufsstand abzuholen sind. Dadurch wird eine zus\u00e4tzliche und zu- gleich sympathische Kundenfrequenz des Verkaufsstandes aufgebaut. Wenn jetzt noch ein Gewinnspiel zum Einsatz kommt, k\u00f6nnen Kundenadressen generiert werden. Diese Adressen k\u00f6nnen k\u00fcnftig per Post oder Mail angeschrieben werden, um auf Neuigkeiten oder besondere Angebote hinzuweisen. Dazu k\u00f6nnen von Dekorateuren zum Beispiel Losboxen oder Gl\u00fccksr\u00e4der am Point of Sale aufgestellt werden, die ebenfalls das Kundeninteresse auf sich ziehen.<\/p>\n<\/div>\n<\/div>\n<div class=\"layoutArea\">\n<div class=\"column\">\n<p>Zusammenfassend l\u00e4sst sich sagen, dass nicht nur gro\u00dfe, sondern auch kleinere Verkaufsr\u00e4ume\/-fl\u00e4chen durch passende Dekorationen aufmerksamkeitsstark pr\u00e4sentiert werden k\u00f6nnen. Und mit einer Verkaufsshow oder Moderation verbunden, lassen sich zahlreiche Kunden an- sprechen und zum kauf animieren.<\/p>\n<\/div>\n<\/div>\n<\/div>\n","protected":false},"excerpt":{"rendered":"<p>Um mit der Dekoration aufzufallen, sind, wie bereits oben beschrieben, Form, Farbe, Material, Gr\u00f6\u00dfe und eine gute Idee notwendig. Ein<\/p>\n","protected":false},"author":1,"featured_media":0,"parent":0,"menu_order":0,"comment_status":"closed","ping_status":"closed","template":"","meta":{"footnotes":""},"_links":{"self":[{"href":"http:\/\/dekoration-profi.de\/index.php?rest_route=\/wp\/v2\/pages\/74"}],"collection":[{"href":"http:\/\/dekoration-profi.de\/index.php?rest_route=\/wp\/v2\/pages"}],"about":[{"href":"http:\/\/dekoration-profi.de\/index.php?rest_route=\/wp\/v2\/types\/page"}],"author":[{"embeddable":true,"href":"http:\/\/dekoration-profi.de\/index.php?rest_route=\/wp\/v2\/users\/1"}],"replies":[{"embeddable":true,"href":"http:\/\/dekoration-profi.de\/index.php?rest_route=%2Fwp%2Fv2%2Fcomments&post=74"}],"version-history":[{"count":9,"href":"http:\/\/dekoration-profi.de\/index.php?rest_route=\/wp\/v2\/pages\/74\/revisions"}],"predecessor-version":[{"id":428,"href":"http:\/\/dekoration-profi.de\/index.php?rest_route=\/wp\/v2\/pages\/74\/revisions\/428"}],"wp:attachment":[{"href":"http:\/\/dekoration-profi.de\/index.php?rest_route=%2Fwp%2Fv2%2Fmedia&parent=74"}],"curies":[{"name":"wp","href":"https:\/\/api.w.org\/{rel}","templated":true}]}}