{"id":76,"date":"2016-12-11T12:33:50","date_gmt":"2016-12-11T11:33:50","guid":{"rendered":"http:\/\/www.aufkleber-druck-profi.de\/?page_id=76"},"modified":"2016-12-29T23:00:21","modified_gmt":"2016-12-29T22:00:21","slug":"displays","status":"publish","type":"page","link":"http:\/\/dekoration-profi.de\/?page_id=76","title":{"rendered":"Displays"},"content":{"rendered":"<div class=\"page\" title=\"Page 2\">\n<div class=\"layoutArea\">\n<div class=\"column\">\n<p>Es geht jedoch auch ohne Sonderbauten, oftmals gen\u00fcgen bereits Displays in Standardgr\u00f6\u00dfen, die innerhalb einer Dekoration zum Einsatz kommen. Zus\u00e4tzlich mit einem Schnellwechselrahmen ausgestattet, lassen sich die unterschiedlichsten Informationen bzw. Werbeaussagen herstellen, um schnell ins rechte Licht ger\u00fcckt zu werden. Zu den Displaygr\u00f6\u00dfen l\u00e4sst sich sagen: je gr\u00f6\u00dfer, desto besser und somit auff\u00e4lliger. Die Industrie bietet Displays in Standardgr\u00f6\u00dfen ab A3 an. A2, A1 oder besser A0 sollten die Displays schon vom Format aufweisen.<br \/>\nEigene Format sind ebenfalls kosteng\u00fcnstig prodzierbar. Ob stabile Pappe ab 350g Karton oder 140g Papier auf eine leichte Forexplatte aufgezogen \u2013 der Kreativit\u00e4t sind kaum Grenzen gesetzt. Das gilt auch f\u00fcr die Formen der Displays.<\/p>\n<p>Sonderformen wie Sterne, Tiere, Men- schen, Fahrzeuge etc.<br \/>\n(vgl. auch <a href=\"http:\/\/www.beschriftung-profi.de\">www.beschriftung-profi.de<\/a>, <a href=\"http:\/\/www.aufkleber-druck-profi.de\">www.aufkleber-druck-profi.de<\/a>, <a href=\"http:\/\/www.bigprint-profi.de\">www.bigprint-profi.de<\/a>) sind m\u00f6glich.<br \/>\nSollen die Displays gr\u00f6\u00dfer sein, k\u00f6nnen Roll-up Displays eingesetzt werden. Diese Displays sind rollbar, werden aus einer Rolle herausgezogen und eine Aufstellvorrichtung arretiert das Display am oberen Ende. Roll-up Displays sind in den unterschiedlichsten Gr\u00f6\u00dfen erh\u00e4ltlich. G\u00e4ngige Gr\u00f6- \u00dfen sind 90&#215;200 cm, 100&#215;200 cm, 200&#215;200 cm und 200&#215;300 cm.<\/p>\n<\/div>\n<\/div>\n<\/div>\n","protected":false},"excerpt":{"rendered":"<p>Es geht jedoch auch ohne Sonderbauten, oftmals gen\u00fcgen bereits Displays in Standardgr\u00f6\u00dfen, die innerhalb einer Dekoration zum Einsatz kommen. Zus\u00e4tzlich<\/p>\n","protected":false},"author":1,"featured_media":0,"parent":0,"menu_order":0,"comment_status":"closed","ping_status":"closed","template":"","meta":{"footnotes":""},"_links":{"self":[{"href":"http:\/\/dekoration-profi.de\/index.php?rest_route=\/wp\/v2\/pages\/76"}],"collection":[{"href":"http:\/\/dekoration-profi.de\/index.php?rest_route=\/wp\/v2\/pages"}],"about":[{"href":"http:\/\/dekoration-profi.de\/index.php?rest_route=\/wp\/v2\/types\/page"}],"author":[{"embeddable":true,"href":"http:\/\/dekoration-profi.de\/index.php?rest_route=\/wp\/v2\/users\/1"}],"replies":[{"embeddable":true,"href":"http:\/\/dekoration-profi.de\/index.php?rest_route=%2Fwp%2Fv2%2Fcomments&post=76"}],"version-history":[{"count":11,"href":"http:\/\/dekoration-profi.de\/index.php?rest_route=\/wp\/v2\/pages\/76\/revisions"}],"predecessor-version":[{"id":380,"href":"http:\/\/dekoration-profi.de\/index.php?rest_route=\/wp\/v2\/pages\/76\/revisions\/380"}],"wp:attachment":[{"href":"http:\/\/dekoration-profi.de\/index.php?rest_route=%2Fwp%2Fv2%2Fmedia&parent=76"}],"curies":[{"name":"wp","href":"https:\/\/api.w.org\/{rel}","templated":true}]}}